{"id":770,"date":"2025-06-05T15:28:58","date_gmt":"2025-06-05T13:28:58","guid":{"rendered":"https:\/\/restaurantlechardenoux.com\/?page_id=770"},"modified":"2026-03-16T11:34:53","modified_gmt":"2026-03-16T10:34:53","slug":"menu","status":"publish","type":"page","link":"https:\/\/restaurantlechardenoux.com\/en\/menu\/","title":{"rendered":"Menu"},"content":{"rendered":"","protected":false},"excerpt":{"rendered":"","protected":false},"author":1,"featured_media":0,"parent":0,"menu_order":0,"comment_status":"closed","ping_status":"closed","template":"page-templates\/menu.php","meta":{"_acf_changed":false,"inline_featured_image":false,"footnotes":""},"class_list":["post-770","page","type-page","status-publish","hentry"],"acf":{"category":[{"menu_title":"Starters","menu_plates":[{"menu_name":"Crispy rice, citrus salmon, chipotle","menu_ingredients":"","menu_price":"16"},{"menu_name":"Mi-cuit duck foie gras terrine, fig chutney, toasted bread","menu_ingredients":"","menu_price":"20"},{"menu_name":"Sea bream carpaccio, lemon olive oil, pink berries","menu_ingredients":"","menu_price":"19"},{"menu_name":"White asparagus, beurre blanc, trout roe","menu_ingredients":"","menu_price":"19"},{"menu_name":"Curly endive, golden croutons, bacon bits &amp; eggs","menu_ingredients":"","menu_price":"19"},{"menu_name":"6 Marennes Ol\u00e9ron oysters","menu_ingredients":"","menu_price":"20"},{"menu_name":"Spicy crispy prawns, romaine, sesame","menu_ingredients":"","menu_price":"21"},{"menu_name":"Crunchy crab galette, Madras curry, avocado","menu_ingredients":"","menu_price":"25"}]},{"menu_title":"Mains","menu_plates":[{"menu_name":"Roasted salmon, French style peas","menu_ingredients":"","menu_price":"30"},{"menu_name":"Lobster roll, prawn and lobster, avocado, cocktail sauce","menu_ingredients":"","menu_price":"32"},{"menu_name":"Langoustine ravioli, basil-infused bisque","menu_ingredients":"","menu_price":"32"},{"menu_name":"Potato gnocchi, asparagus, burrata","menu_ingredients":"","menu_price":"26"},{"menu_name":"Sea bass in sea salt crust, \u00ab sauce vierge \u00bb (for 2)","menu_ingredients":"","menu_price":"45\/p."},{"menu_name":"Grilled knife-cut veal sausage, mashed potatoes","menu_ingredients":"","menu_price":"25"},{"menu_name":"Beef chuck Parmentier","menu_ingredients":"","menu_price":"26"},{"menu_name":"Grilled flank steak, b\u00e9arnaise sauce, French fries","menu_ingredients":"","menu_price":"29"},{"menu_name":"The Smash Burger of Le Chardenoux ","menu_ingredients":"","menu_price":"28"},{"menu_name":"Chicken paillard, tomatoes and salad, French fries","menu_ingredients":"","menu_price":"32"}]},{"menu_title":"Side dishes &amp; Sauces","menu_plates":[{"menu_name":"French fries","menu_ingredients":"","menu_price":"8"},{"menu_name":"Green salad, mustard vinaigrette","menu_ingredients":"","menu_price":"8"},{"menu_name":"Mashed potatoes","menu_ingredients":"","menu_price":"9"},{"menu_name":"Baby spinach salad, onion, sesame","menu_ingredients":"","menu_price":"10"},{"menu_name":"Broccoli with sesame &amp; onion sauce","menu_ingredients":"","menu_price":"10"},{"menu_name":"Chipotle mayonnaise, cocktail sauce","menu_ingredients":"","menu_price":"4"}]},{"menu_title":"Cheese &amp; Desserts","menu_plates":[{"menu_name":"Farmhouse Saint-Nectaire","menu_ingredients":"","menu_price":"15"},{"menu_name":"Vanilla mille-feuille, pecan nut praline","menu_ingredients":"","menu_price":"12"},{"menu_name":"Chocolate biscuit, hazelnut praline","menu_ingredients":"","menu_price":"12"},{"menu_name":"Iced profiteroles, chocolate sauce, Chantilly","menu_ingredients":"","menu_price":"14"},{"menu_name":"Rum baba with vanilla whipped cream","menu_ingredients":"","menu_price":"14"},{"menu_name":"Caramelised French toast, raspberries, pistachio ice cream","menu_ingredients":"","menu_price":"17"},{"menu_name":"Vanilla cr\u00e8me br\u00fbl\u00e9e","menu_ingredients":"","menu_price":"15"}]},{"menu_title":"Cocktails","menu_plates":[{"menu_name":"Vini Spritz","menu_ingredients":"Thym infused Bombay Sapphire gin, limoncello, prosecco, gentian, soda","menu_price":"15"},{"menu_name":"Pretty Pink","menu_ingredients":"Prosecco, fresh raspberries, lychee, rose infused Wyborowa vodka","menu_price":"17"},{"menu_name":"Margari Thym","menu_ingredients":"Altos tequila infused with thym, Italicus liqueur, lemon, salt and Espelette pepper","menu_price":"17"},{"menu_name":"Midnight in Paris","menu_ingredients":"Wyborowa vodka infused with hibiscus flower, fresh raspberries, peach Rinquinquin, lemon","menu_price":"15"},{"menu_name":"Green Sky","menu_ingredients":"Bombay Sapphire gin, cucumber, mint, green Chartreuse, lemon juice","menu_price":"16"},{"menu_name":"Brandy Crush","menu_ingredients":"Cognac Martell with sesame, amaretto, ginger ale, lemon juice, Angostura bitter","menu_price":"17"},{"menu_name":"Caribbean Mule","menu_ingredients":"Havana Especial rum, homemade five spice syrup, Ginger Beer, maracuja juice, lemon","menu_price":"15"},{"menu_name":"Ciao Pisco","menu_ingredients":"Demonio Pisco, bergamot liqueur Italicus, green apple, lemon juice","menu_price":"16"},{"menu_name":"Smokey Manhattan","menu_ingredients":"Whisky Chivas 12 years, Smokey Monkey Shoulders, Antica Formula, Amaro Ramazzotti","menu_price":"16"},{"menu_name":"Miss Sayori - alcohol free","menu_ingredients":"Green tea, hibiscus flower, raspberries, lemon juice","menu_price":"13"},{"menu_name":"Big Apple - alcohol free","menu_ingredients":"Fresh mint, green apple pur\u00e9e, Ginger Beer, elderflower cordial, lemon","menu_price":"11"},{"menu_name":"Classics","menu_ingredients":"Negroni, Old Fashioned, Moscow Mule, Pisco Sour, P*** Star Martini, Cosmopolitan, Dry Martini, Bloody Mary","menu_price":"16"},{"menu_name":"","menu_ingredients":"Excessive intake of alcohol can damage your health, please drink responsibly. ","menu_price":""}]}],"allways_closed":false,"allways_closed2":false,"wines":false},"yoast_head":"<!-- This site is optimized with the Yoast SEO plugin v27.0 - https:\/\/yoast.com\/product\/yoast-seo-wordpress\/ -->\n<title>Menu - Le Chardenoux<\/title>\n<meta name=\"robots\" content=\"index, follow, max-snippet:-1, max-image-preview:large, max-video-preview:-1\" \/>\n<link rel=\"canonical\" href=\"https:\/\/restaurantlechardenoux.com\/en\/menu\/\" \/>\n<meta property=\"og:locale\" content=\"en_US\" \/>\n<meta property=\"og:type\" content=\"article\" \/>\n<meta property=\"og:title\" content=\"Menu - Le Chardenoux\" \/>\n<meta property=\"og:url\" content=\"https:\/\/restaurantlechardenoux.com\/en\/menu\/\" \/>\n<meta property=\"og:site_name\" content=\"Le Chardenoux\" \/>\n<meta property=\"article:modified_time\" content=\"2026-03-16T10:34:53+00:00\" \/>\n<meta name=\"twitter:card\" content=\"summary_large_image\" \/>\n<script type=\"application\/ld+json\" class=\"yoast-schema-graph\">{\"@context\":\"https:\/\/schema.org\",\"@graph\":[{\"@type\":\"WebPage\",\"@id\":\"https:\/\/restaurantlechardenoux.com\/en\/menu\/\",\"url\":\"https:\/\/restaurantlechardenoux.com\/en\/menu\/\",\"name\":\"Menu - Le Chardenoux\",\"isPartOf\":{\"@id\":\"https:\/\/restaurantlechardenoux.com\/en\/#website\"},\"datePublished\":\"2025-06-05T13:28:58+00:00\",\"dateModified\":\"2026-03-16T10:34:53+00:00\",\"breadcrumb\":{\"@id\":\"https:\/\/restaurantlechardenoux.com\/en\/menu\/#breadcrumb\"},\"inLanguage\":\"en-US\",\"potentialAction\":[{\"@type\":\"ReadAction\",\"target\":[\"https:\/\/restaurantlechardenoux.com\/en\/menu\/\"]}]},{\"@type\":\"BreadcrumbList\",\"@id\":\"https:\/\/restaurantlechardenoux.com\/en\/menu\/#breadcrumb\",\"itemListElement\":[{\"@type\":\"ListItem\",\"position\":1,\"name\":\"Accueil\",\"item\":\"https:\/\/restaurantlechardenoux.com\/en\/\"},{\"@type\":\"ListItem\",\"position\":2,\"name\":\"Menu\"}]},{\"@type\":\"WebSite\",\"@id\":\"https:\/\/restaurantlechardenoux.com\/en\/#website\",\"url\":\"https:\/\/restaurantlechardenoux.com\/en\/\",\"name\":\"Le Chardenoux\",\"description\":\"Un site utilisant Les sites de Cyril Lignac\",\"potentialAction\":[{\"@type\":\"SearchAction\",\"target\":{\"@type\":\"EntryPoint\",\"urlTemplate\":\"https:\/\/restaurantlechardenoux.com\/en\/?s={search_term_string}\"},\"query-input\":{\"@type\":\"PropertyValueSpecification\",\"valueRequired\":true,\"valueName\":\"search_term_string\"}}],\"inLanguage\":\"en-US\"}]}<\/script>\n<!-- \/ Yoast SEO plugin. -->","yoast_head_json":{"title":"Menu - Le Chardenoux","robots":{"index":"index","follow":"follow","max-snippet":"max-snippet:-1","max-image-preview":"max-image-preview:large","max-video-preview":"max-video-preview:-1"},"canonical":"https:\/\/restaurantlechardenoux.com\/en\/menu\/","og_locale":"en_US","og_type":"article","og_title":"Menu - Le Chardenoux","og_url":"https:\/\/restaurantlechardenoux.com\/en\/menu\/","og_site_name":"Le Chardenoux","article_modified_time":"2026-03-16T10:34:53+00:00","twitter_card":"summary_large_image","schema":{"@context":"https:\/\/schema.org","@graph":[{"@type":"WebPage","@id":"https:\/\/restaurantlechardenoux.com\/en\/menu\/","url":"https:\/\/restaurantlechardenoux.com\/en\/menu\/","name":"Menu - Le Chardenoux","isPartOf":{"@id":"https:\/\/restaurantlechardenoux.com\/en\/#website"},"datePublished":"2025-06-05T13:28:58+00:00","dateModified":"2026-03-16T10:34:53+00:00","breadcrumb":{"@id":"https:\/\/restaurantlechardenoux.com\/en\/menu\/#breadcrumb"},"inLanguage":"en-US","potentialAction":[{"@type":"ReadAction","target":["https:\/\/restaurantlechardenoux.com\/en\/menu\/"]}]},{"@type":"BreadcrumbList","@id":"https:\/\/restaurantlechardenoux.com\/en\/menu\/#breadcrumb","itemListElement":[{"@type":"ListItem","position":1,"name":"Accueil","item":"https:\/\/restaurantlechardenoux.com\/en\/"},{"@type":"ListItem","position":2,"name":"Menu"}]},{"@type":"WebSite","@id":"https:\/\/restaurantlechardenoux.com\/en\/#website","url":"https:\/\/restaurantlechardenoux.com\/en\/","name":"Le Chardenoux","description":"Un site utilisant Les sites de Cyril Lignac","potentialAction":[{"@type":"SearchAction","target":{"@type":"EntryPoint","urlTemplate":"https:\/\/restaurantlechardenoux.com\/en\/?s={search_term_string}"},"query-input":{"@type":"PropertyValueSpecification","valueRequired":true,"valueName":"search_term_string"}}],"inLanguage":"en-US"}]}},"_links":{"self":[{"href":"https:\/\/restaurantlechardenoux.com\/en\/wp-json\/wp\/v2\/pages\/770","targetHints":{"allow":["GET"]}}],"collection":[{"href":"https:\/\/restaurantlechardenoux.com\/en\/wp-json\/wp\/v2\/pages"}],"about":[{"href":"https:\/\/restaurantlechardenoux.com\/en\/wp-json\/wp\/v2\/types\/page"}],"author":[{"embeddable":true,"href":"https:\/\/restaurantlechardenoux.com\/en\/wp-json\/wp\/v2\/users\/1"}],"replies":[{"embeddable":true,"href":"https:\/\/restaurantlechardenoux.com\/en\/wp-json\/wp\/v2\/comments?post=770"}],"version-history":[{"count":25,"href":"https:\/\/restaurantlechardenoux.com\/en\/wp-json\/wp\/v2\/pages\/770\/revisions"}],"predecessor-version":[{"id":898,"href":"https:\/\/restaurantlechardenoux.com\/en\/wp-json\/wp\/v2\/pages\/770\/revisions\/898"}],"wp:attachment":[{"href":"https:\/\/restaurantlechardenoux.com\/en\/wp-json\/wp\/v2\/media?parent=770"}],"curies":[{"name":"wp","href":"https:\/\/api.w.org\/{rel}","templated":true}]}}